{"id":268,"date":"2019-10-06T21:29:53","date_gmt":"2019-10-06T19:29:53","guid":{"rendered":"http:\/\/radziszewski.home.pl\/pukwp\/?page_id=268"},"modified":"2025-03-26T11:40:09","modified_gmt":"2025-03-26T10:40:09","slug":"dokumenty-do-pobrania","status":"publish","type":"page","link":"https:\/\/pukchojna.pl\/index.php\/dokumenty-do-pobrania\/","title":{"rendered":"Dokumenty do pobrania"},"content":{"rendered":"\t\t<div data-elementor-type=\"wp-page\" data-elementor-id=\"268\" class=\"elementor elementor-268\" data-elementor-post-type=\"page\">\n\t\t\t\t\t\t<section class=\"elementor-section elementor-top-section elementor-element elementor-element-1cc68ba3 elementor-section-boxed elementor-section-height-default elementor-section-height-default\" data-id=\"1cc68ba3\" data-element_type=\"section\" data-e-type=\"section\">\n\t\t\t\t\t\t<div class=\"elementor-container elementor-column-gap-default\">\n\t\t\t\t\t<div class=\"elementor-column elementor-col-100 elementor-top-column elementor-element elementor-element-55b1e585\" data-id=\"55b1e585\" data-element_type=\"column\" data-e-type=\"column\">\n\t\t\t<div class=\"elementor-widget-wrap elementor-element-populated\">\n\t\t\t\t\t\t<div class=\"elementor-element elementor-element-2fabc271 elementor-widget elementor-widget-text-editor\" data-id=\"2fabc271\" data-element_type=\"widget\" data-e-type=\"widget\" data-widget_type=\"text-editor.default\">\n\t\t\t\t<div class=\"elementor-widget-container\">\n\t\t\t\t\t\t\t\t\t\n<p>Wniosek o zawarcie umowy na wyw\u00f3z nieczysto\u015bci sta\u0142ych (<a href=\"http:\/\/pukchojna.pl\/wp-content\/uploads\/2019\/10\/Zawarcie-umowy-na-wywoz-nieczystosci-sta_ych.pdf\">pobierz<\/a>)<\/p>\n\n<p>Wniosek o zmian\u0119 cz\u0119stotliwo\u015bci wywozu nieczysto\u015bci sta\u0142ych (<a href=\"http:\/\/pukchojna.pl\/wp-content\/uploads\/2019\/10\/Zmiana-czestotliwosci-wywozu-nieczystaosci-sta_ych.pdf\">pobierz<\/a>)<\/p>\n\n<p>Wniosek o rozwi\u0105zanie umowy na wyw\u00f3z nieczysto\u015bci sta\u0142ych oraz udost\u0119pnienie pojemnik\u00f3w (<a href=\"http:\/\/www.pukchojna.pl\/documents\/wnioski\/rozwiazanie_umowy.pdf\">pobierz<\/a>)<\/p>\n\n<p>Wniosek o uzgodnienie projektu dokumentacji technicznej (<a href=\"http:\/\/pukchojna.pl\/wp-content\/uploads\/2021\/04\/wniosek-o-uzgodnienie-projektu-dokumentacji-technicznej.pdf\">pobierz<\/a>)<\/p>\n\n<p>Wniosek o monta\u017c dodatkowego wodomierza (<a href=\"http:\/\/pukchojna.pl\/wp-content\/uploads\/2021\/04\/wniosek-o-montaz-dodatkowego-wodomierza.pdf\">pobierz<\/a>)<\/p>\n\n<p>Zgody zarz\u0105dc\u00f3w cmentarzy (<a href=\"http:\/\/pukchojna.pl\/wp-content\/uploads\/2019\/10\/Zgody-zarzadcow-cmentarzy.pdf\">pobierz<\/a>)<\/p>\n\n<p>Wniosek o zawarcie umowy na wyw\u00f3z nieczysto\u015bci p\u0142ynnych (<a href=\"http:\/\/pukchojna.pl\/wp-content\/uploads\/2021\/04\/wniosek-o-zawarcie-umowy-na-wywoz-nieczystosci-plynnych.pdf\">pobierz<\/a>)<\/p>\n\n<p>Wniosek o zawarcie umowy na dostaw\u0119 wody lub odprowadzanie \u015bciek\u00f3w (<a href=\"http:\/\/pukchojna.pl\/wp-content\/uploads\/2021\/04\/wniosek-o-zawarcie-umowy-na-dostawe-wody-i-odprowadzanie-sciekow.pdf\">pobierz<\/a>)<\/p>\n\n<p>Wniosek o wydanie zapewnienia dostaw wody i odbioru \u015bciek\u00f3w (<a href=\"http:\/\/pukchojna.pl\/wp-content\/uploads\/2021\/04\/wniosek-o-wydanie-zapewnienia-dostaw-wody-i-odbioru-sciekow.pdf\">pobierz<\/a>)<\/p>\n\n<p>Wniosek o wydanie warunk\u00f3w technicznych (<a href=\"http:\/\/pukchojna.pl\/wp-content\/uploads\/2021\/04\/wniosek-o-wydanie-warunkow-technicznych.pdf\">pobierz<\/a>)<\/p>\n<p>Zlecenie wykonania us\u0142ugi <a href=\"http:\/\/pukchojna.pl\/wp-content\/uploads\/2021\/04\/zlecenie-wykonania-uslugi.pdf\">(pobierz)<\/a><\/p>\n<p>O\u015bwiadczenie o akceptacji faktur przesy\u0142anych drog\u0105 elektroniczn\u0105 <a href=\"https:\/\/pukchojna.pl\/wp-content\/uploads\/2025\/03\/Oswiaczenie-rodo.pdf\">(pobierz)<\/a><\/p>\n\n<p>\u00a0<\/p>\n\n<blockquote class=\"wp-block-quote is-layout-flow wp-block-quote-is-layout-flow\">\n<p>Dokumenty do pobrania w formacie .pdf otwiera si\u0119 za pomoc\u0105 programu Adobe Reader, kt\u00f3ry mo\u017cna pobra\u0107 ze strony\u00a0<a href=\"http:\/\/get.adobe.com\/reader\/\">Adobe<\/a><\/p>\n<\/blockquote>\n\n<p>\u00a0<\/p>\n\t\t\t\t\t\t\t\t<\/div>\n\t\t\t\t<\/div>\n\t\t\t\t\t<\/div>\n\t\t<\/div>\n\t\t\t\t\t<\/div>\n\t\t<\/section>\n\t\t\t\t<\/div>\n\t\t","protected":false},"excerpt":{"rendered":"<p>Wniosek o zawarcie umowy na wyw\u00f3z nieczysto\u015bci sta\u0142ych (pobierz) Wniosek o zmian\u0119 cz\u0119stotliwo\u015bci wywozu nieczysto\u015bci sta\u0142ych (pobierz) Wniosek o rozwi\u0105zanie umowy na wyw\u00f3z nieczysto\u015bci sta\u0142ych oraz udost\u0119pnienie pojemnik\u00f3w (pobierz) Wniosek o uzgodnienie projektu dokumentacji technicznej (pobierz) Wniosek o monta\u017c dodatkowego wodomierza (pobierz) Zgody zarz\u0105dc\u00f3w cmentarzy (pobierz) Wniosek o zawarcie umowy na wyw\u00f3z nieczysto\u015bci p\u0142ynnych (pobierz) &hellip; <\/p>\n<p class=\"link-more\"><a href=\"https:\/\/pukchojna.pl\/index.php\/dokumenty-do-pobrania\/\" class=\"more-link\">Czytaj dalej<span class=\"screen-reader-text\"> \u201eDokumenty do pobrania\u201d<\/span><\/a><\/p>\n","protected":false},"author":1,"featured_media":0,"parent":0,"menu_order":0,"comment_status":"closed","ping_status":"closed","template":"","meta":{"footnotes":""},"class_list":["post-268","page","type-page","status-publish","hentry","entry"],"_links":{"self":[{"href":"https:\/\/pukchojna.pl\/index.php\/wp-json\/wp\/v2\/pages\/268","targetHints":{"allow":["GET"]}}],"collection":[{"href":"https:\/\/pukchojna.pl\/index.php\/wp-json\/wp\/v2\/pages"}],"about":[{"href":"https:\/\/pukchojna.pl\/index.php\/wp-json\/wp\/v2\/types\/page"}],"author":[{"embeddable":true,"href":"https:\/\/pukchojna.pl\/index.php\/wp-json\/wp\/v2\/users\/1"}],"replies":[{"embeddable":true,"href":"https:\/\/pukchojna.pl\/index.php\/wp-json\/wp\/v2\/comments?post=268"}],"version-history":[{"count":32,"href":"https:\/\/pukchojna.pl\/index.php\/wp-json\/wp\/v2\/pages\/268\/revisions"}],"predecessor-version":[{"id":1897,"href":"https:\/\/pukchojna.pl\/index.php\/wp-json\/wp\/v2\/pages\/268\/revisions\/1897"}],"wp:attachment":[{"href":"https:\/\/pukchojna.pl\/index.php\/wp-json\/wp\/v2\/media?parent=268"}],"curies":[{"name":"wp","href":"https:\/\/api.w.org\/{rel}","templated":true}]}}