{"id":34,"date":"2019-09-10T13:02:24","date_gmt":"2019-09-10T11:02:24","guid":{"rendered":"http:\/\/radziszewski.home.pl\/pukwp\/?page_id=34"},"modified":"2021-01-27T19:52:11","modified_gmt":"2021-01-27T18:52:11","slug":"rada-nadzorcza","status":"publish","type":"page","link":"https:\/\/pukchojna.pl\/index.php\/rada-nadzorcza\/","title":{"rendered":"Rada Nadzorcza"},"content":{"rendered":"<p style=\"text-align: center;\">Joanna So\u0142tys-Kurpiel &#8211; Przewodnicz\u0105cy Rady Nadzorczej,<br \/>\nMarian Litwiniak &#8211; Sekretarz Rady Nadzorczej,<br \/>\nJaros\u0142aw Siergiej &#8211; Cz\u0142onek Rady Nadzorczej<\/p>\n","protected":false},"excerpt":{"rendered":"<p>Joanna So\u0142tys-Kurpiel &#8211; Przewodnicz\u0105cy Rady Nadzorczej, Marian Litwiniak &#8211; Sekretarz Rady Nadzorczej, Jaros\u0142aw Siergiej &#8211; Cz\u0142onek Rady Nadzorczej<\/p>\n","protected":false},"author":1,"featured_media":0,"parent":0,"menu_order":0,"comment_status":"closed","ping_status":"closed","template":"","meta":{"footnotes":""},"class_list":["post-34","page","type-page","status-publish","hentry","entry"],"_links":{"self":[{"href":"https:\/\/pukchojna.pl\/index.php\/wp-json\/wp\/v2\/pages\/34","targetHints":{"allow":["GET"]}}],"collection":[{"href":"https:\/\/pukchojna.pl\/index.php\/wp-json\/wp\/v2\/pages"}],"about":[{"href":"https:\/\/pukchojna.pl\/index.php\/wp-json\/wp\/v2\/types\/page"}],"author":[{"embeddable":true,"href":"https:\/\/pukchojna.pl\/index.php\/wp-json\/wp\/v2\/users\/1"}],"replies":[{"embeddable":true,"href":"https:\/\/pukchojna.pl\/index.php\/wp-json\/wp\/v2\/comments?post=34"}],"version-history":[{"count":9,"href":"https:\/\/pukchojna.pl\/index.php\/wp-json\/wp\/v2\/pages\/34\/revisions"}],"predecessor-version":[{"id":967,"href":"https:\/\/pukchojna.pl\/index.php\/wp-json\/wp\/v2\/pages\/34\/revisions\/967"}],"wp:attachment":[{"href":"https:\/\/pukchojna.pl\/index.php\/wp-json\/wp\/v2\/media?parent=34"}],"curies":[{"name":"wp","href":"https:\/\/api.w.org\/{rel}","templated":true}]}}