{"id":40,"date":"2019-09-10T13:03:26","date_gmt":"2019-09-10T11:03:26","guid":{"rendered":"http:\/\/radziszewski.home.pl\/pukwp\/?page_id=40"},"modified":"2025-09-09T14:10:52","modified_gmt":"2025-09-09T12:10:52","slug":"wydzial-ekonomiczno-finansowy","status":"publish","type":"page","link":"https:\/\/pukchojna.pl\/index.php\/wydzial-ekonomiczno-finansowy\/","title":{"rendered":"Wydzia\u0142 ekonomiczno-finansowy"},"content":{"rendered":"\t\t<div data-elementor-type=\"wp-page\" data-elementor-id=\"40\" class=\"elementor elementor-40\" data-elementor-post-type=\"page\">\n\t\t\t\t\t\t<section class=\"elementor-section elementor-top-section elementor-element elementor-element-36cdb439 elementor-section-boxed elementor-section-height-default elementor-section-height-default\" data-id=\"36cdb439\" data-element_type=\"section\" data-e-type=\"section\">\n\t\t\t\t\t\t<div class=\"elementor-container elementor-column-gap-default\">\n\t\t\t\t\t<div class=\"elementor-column elementor-col-100 elementor-top-column elementor-element elementor-element-60a51851\" data-id=\"60a51851\" data-element_type=\"column\" data-e-type=\"column\">\n\t\t\t<div class=\"elementor-widget-wrap elementor-element-populated\">\n\t\t\t\t\t\t<div class=\"elementor-element elementor-element-52cfe5e elementor-widget elementor-widget-heading\" data-id=\"52cfe5e\" data-element_type=\"widget\" data-e-type=\"widget\" data-widget_type=\"heading.default\">\n\t\t\t\t<div class=\"elementor-widget-container\">\n\t\t\t\t\t<h3 class=\"elementor-heading-title elementor-size-default\">e-mail: ksiegowosc@pukchojna.pl<\/h3>\t\t\t\t<\/div>\n\t\t\t\t<\/div>\n\t\t\t\t<div class=\"elementor-element elementor-element-0f937a1 elementor-widget elementor-widget-text-editor\" data-id=\"0f937a1\" data-element_type=\"widget\" data-e-type=\"widget\" data-widget_type=\"text-editor.default\">\n\t\t\t\t<div class=\"elementor-widget-container\">\n\t\t\t\t\t\t\t\t\t<p style=\"text-align: center;\"><b>G\u0142\u00f3wny Ksi\u0119gowy<\/b><br>Izabela Lechowska<br>tel. 91 414 16 44 w. 37, 38<br>e-mail: i.lechowska@pukchojna.pl<\/p>\n<p style=\"text-align: left;\">\n<\/p>\t\t\t\t\t\t\t\t<\/div>\n\t\t\t\t<\/div>\n\t\t\t\t\t<\/div>\n\t\t<\/div>\n\t\t\t\t\t<\/div>\n\t\t<\/section>\n\t\t\t\t<\/div>\n\t\t","protected":false},"excerpt":{"rendered":"<p>e-mail: ksiegowosc@pukchojna.pl G\u0142\u00f3wny Ksi\u0119gowyIzabela Lechowskatel. 91 414 16 44 w. 37, 38e-mail: i.lechowska@pukchojna.pl<\/p>\n","protected":false},"author":1,"featured_media":0,"parent":0,"menu_order":0,"comment_status":"closed","ping_status":"closed","template":"","meta":{"footnotes":""},"class_list":["post-40","page","type-page","status-publish","hentry","entry"],"_links":{"self":[{"href":"https:\/\/pukchojna.pl\/index.php\/wp-json\/wp\/v2\/pages\/40","targetHints":{"allow":["GET"]}}],"collection":[{"href":"https:\/\/pukchojna.pl\/index.php\/wp-json\/wp\/v2\/pages"}],"about":[{"href":"https:\/\/pukchojna.pl\/index.php\/wp-json\/wp\/v2\/types\/page"}],"author":[{"embeddable":true,"href":"https:\/\/pukchojna.pl\/index.php\/wp-json\/wp\/v2\/users\/1"}],"replies":[{"embeddable":true,"href":"https:\/\/pukchojna.pl\/index.php\/wp-json\/wp\/v2\/comments?post=40"}],"version-history":[{"count":44,"href":"https:\/\/pukchojna.pl\/index.php\/wp-json\/wp\/v2\/pages\/40\/revisions"}],"predecessor-version":[{"id":1990,"href":"https:\/\/pukchojna.pl\/index.php\/wp-json\/wp\/v2\/pages\/40\/revisions\/1990"}],"wp:attachment":[{"href":"https:\/\/pukchojna.pl\/index.php\/wp-json\/wp\/v2\/media?parent=40"}],"curies":[{"name":"wp","href":"https:\/\/api.w.org\/{rel}","templated":true}]}}